{"id":586,"date":"2022-10-10T23:19:39","date_gmt":"2022-10-10T23:19:39","guid":{"rendered":"https:\/\/loretosreceptai.lt\/plr\/?post_type=product&#038;p=586"},"modified":"2023-11-12T18:21:38","modified_gmt":"2023-11-12T18:21:38","slug":"arbata-su-tibeto-lofantu","status":"publish","type":"product","link":"https:\/\/loretosreceptai.lt\/plr\/produktas\/arbata-su-tibeto-lofantu\/","title":{"rendered":"Arbata su Tibeto lofantu"},"content":{"rendered":"","protected":false},"excerpt":{"rendered":"<p><strong>Atgaiva sielai<\/strong><\/p>\n<p>Puikiai atrinktas \u017eoleli\u0173 derinys arbatai. Ne i\u0161 pir\u0161to lau\u017etas pavadinimas, jog tai atgaiva sielai. Arbata, kuri mena mums vasar\u0105 visais met\u0173 laikais.<\/p>\n<p><strong>Sud\u0117tis: <\/strong>Tibeto lofantas, levanda<\/p>\n","protected":false},"featured_media":692,"comment_status":"open","ping_status":"closed","template":"","meta":{"site-sidebar-layout":"default","site-content-layout":"default","ast-global-header-display":"","ast-main-header-display":"","ast-hfb-above-header-display":"","ast-hfb-below-header-display":"","ast-hfb-mobile-header-display":"","site-post-title":"","ast-breadcrumbs-content":"","ast-featured-img":"","footer-sml-layout":"","theme-transparent-header-meta":"default","adv-header-id-meta":"","stick-header-meta":"default","header-above-stick-meta":"","header-main-stick-meta":"","header-below-stick-meta":""},"product_cat":[16],"product_tag":[],"class_list":["post-586","product","type-product","status-publish","has-post-thumbnail","hentry","product_cat-uncategorized"],"_links":{"self":[{"href":"https:\/\/loretosreceptai.lt\/plr\/wp-json\/wp\/v2\/product\/586","targetHints":{"allow":["GET"]}}],"collection":[{"href":"https:\/\/loretosreceptai.lt\/plr\/wp-json\/wp\/v2\/product"}],"about":[{"href":"https:\/\/loretosreceptai.lt\/plr\/wp-json\/wp\/v2\/types\/product"}],"replies":[{"embeddable":true,"href":"https:\/\/loretosreceptai.lt\/plr\/wp-json\/wp\/v2\/comments?post=586"}],"wp:featuredmedia":[{"embeddable":true,"href":"https:\/\/loretosreceptai.lt\/plr\/wp-json\/wp\/v2\/media\/692"}],"wp:attachment":[{"href":"https:\/\/loretosreceptai.lt\/plr\/wp-json\/wp\/v2\/media?parent=586"}],"wp:term":[{"taxonomy":"product_cat","embeddable":true,"href":"https:\/\/loretosreceptai.lt\/plr\/wp-json\/wp\/v2\/product_cat?post=586"},{"taxonomy":"product_tag","embeddable":true,"href":"https:\/\/loretosreceptai.lt\/plr\/wp-json\/wp\/v2\/product_tag?post=586"}],"curies":[{"name":"wp","href":"https:\/\/api.w.org\/{rel}","templated":true}]}}